{"id":2983,"date":"2019-12-02T07:06:52","date_gmt":"2019-12-02T07:06:52","guid":{"rendered":"https:\/\/rinicompany.com\/about\/"},"modified":"2023-07-13T13:52:49","modified_gmt":"2023-07-13T13:52:49","slug":"about","status":"publish","type":"page","link":"https:\/\/rinimedtech.com\/es\/about\/","title":{"rendered":"Quienes somos"},"content":{"rendered":"<p>Rini es una empresa sueca fundada en 1982 con su propio desarrollo innovador de productos, fabricaci\u00f3n y ventas internacionales. Somos un proveedor de calidad de productos y soluciones m\u00e9dicas ergon\u00f3micas para hospitales y cl\u00ednicas especializadas. Dentro de Suecia, tenemos nuestra propia organizaci\u00f3n de ventas y soporte. En el mercado internacional, trabajamos principalmente con distribuidores autorizados. Rini se compromete a ser una empresa responsable y sostenible. Hacemos esto mediante la construcci\u00f3n de una empresa para el futuro que ofrezca valores econ\u00f3micos y sociales a largo plazo, al tiempo que minimiza nuestro impacto ambiental.<\/p>\n<p><strong>\u00a1Nuestro concepto de negocio es simple!<\/strong><\/p>\n<p><strong>Rini ofrece productos ergon\u00f3micos y soluciones adaptadas de forma \u00fanica a las diferentes \u00e1reas de atenci\u00f3n que proporciona a los m\u00e9dicos, al personal y pacientes, un entorno de trabajo m\u00e1ximo, c\u00f3modo y productivo.<\/strong><\/p>\n<p>Estamos muy orgullosos de que nuestros productos sean tan apreciados, no solo en Suecia sino en todo el mundo. El contacto cercano que tenemos con muchos usuarios cualificados, es un incentivo para que desarrollemos constantemente nuestros productos, \u00a1siempre focalizados en el cliente!<\/p>\n","protected":false},"excerpt":{"rendered":"<p>Rini es una empresa sueca fundada en 1982 con su propio desarrollo innovador de productos, fabricaci\u00f3n y ventas internacionales. Somos un proveedor de calidad de productos y soluciones m\u00e9dicas ergon\u00f3micas para hospitales y cl\u00ednicas especializadas. Dentro de Suecia, tenemos nuestra propia organizaci\u00f3n de ventas y soporte. En el mercado internacional, trabajamos principalmente con distribuidores autorizados. [&hellip;]<\/p>\n","protected":false},"author":5,"featured_media":0,"parent":0,"menu_order":0,"comment_status":"closed","ping_status":"closed","template":"","meta":{"_acf_changed":false,"inline_featured_image":false,"footnotes":""},"class_list":["post-2983","page","type-page","status-publish","hentry"],"acf":[],"yoast_head":"<!-- This site is optimized with the Yoast SEO plugin v27.2 - https:\/\/yoast.com\/product\/yoast-seo-wordpress\/ -->\n<title>Read about us on Rini Ergoteknik - Rini Ergoteknik AB<\/title>\n<meta name=\"description\" content=\"Rini is a Swedish company founded in 1983 with its own innovative product development, manufacturing and international sales.\" \/>\n<meta name=\"robots\" content=\"index, follow, max-snippet:-1, max-image-preview:large, max-video-preview:-1\" \/>\n<link rel=\"canonical\" href=\"https:\/\/rinimedtech.com\/es\/about\/\" \/>\n<meta property=\"og:locale\" content=\"es_ES\" \/>\n<meta property=\"og:type\" content=\"article\" \/>\n<meta property=\"og:title\" content=\"Read about us on Rini Ergoteknik - Rini Ergoteknik AB\" \/>\n<meta property=\"og:description\" content=\"Rini is a Swedish company founded in 1983 with its own innovative product development, manufacturing and international sales.\" \/>\n<meta property=\"og:url\" content=\"https:\/\/rinimedtech.com\/es\/about\/\" \/>\n<meta property=\"og:site_name\" content=\"Rini Ergoteknik AB\" \/>\n<meta property=\"article:modified_time\" content=\"2023-07-13T13:52:49+00:00\" \/>\n<meta name=\"twitter:card\" content=\"summary_large_image\" \/>\n<meta name=\"twitter:label1\" content=\"Tiempo de lectura\" \/>\n\t<meta name=\"twitter:data1\" content=\"1 minuto\" \/>\n<script type=\"application\/ld+json\" class=\"yoast-schema-graph\">{\"@context\":\"https:\/\/schema.org\",\"@graph\":[{\"@type\":\"WebPage\",\"@id\":\"https:\/\/rinimedtech.com\/es\/about\/\",\"url\":\"https:\/\/rinimedtech.com\/es\/about\/\",\"name\":\"Read about us on Rini Ergoteknik - Rini Ergoteknik AB\",\"isPartOf\":{\"@id\":\"https:\/\/rinimedtech.com\/es\/#website\"},\"datePublished\":\"2019-12-02T07:06:52+00:00\",\"dateModified\":\"2023-07-13T13:52:49+00:00\",\"description\":\"Rini is a Swedish company founded in 1983 with its own innovative product development, manufacturing and international sales.\",\"breadcrumb\":{\"@id\":\"https:\/\/rinimedtech.com\/es\/about\/#breadcrumb\"},\"inLanguage\":\"es\",\"potentialAction\":[{\"@type\":\"ReadAction\",\"target\":[\"https:\/\/rinimedtech.com\/es\/about\/\"]}]},{\"@type\":\"BreadcrumbList\",\"@id\":\"https:\/\/rinimedtech.com\/es\/about\/#breadcrumb\",\"itemListElement\":[{\"@type\":\"ListItem\",\"position\":1,\"name\":\"Inicio\",\"item\":\"https:\/\/rinimedtech.com\/es\/\"},{\"@type\":\"ListItem\",\"position\":2,\"name\":\"Quienes somos\"}]},{\"@type\":\"WebSite\",\"@id\":\"https:\/\/rinimedtech.com\/es\/#website\",\"url\":\"https:\/\/rinimedtech.com\/es\/\",\"name\":\"Rini Ergoteknik AB\",\"description\":\"\",\"publisher\":{\"@id\":\"https:\/\/rinimedtech.com\/es\/#organization\"},\"potentialAction\":[{\"@type\":\"SearchAction\",\"target\":{\"@type\":\"EntryPoint\",\"urlTemplate\":\"https:\/\/rinimedtech.com\/es\/?s={search_term_string}\"},\"query-input\":{\"@type\":\"PropertyValueSpecification\",\"valueRequired\":true,\"valueName\":\"search_term_string\"}}],\"inLanguage\":\"es\"},{\"@type\":\"Organization\",\"@id\":\"https:\/\/rinimedtech.com\/es\/#organization\",\"name\":\"Rini MedTech Inc\",\"alternateName\":\"Rini MedTech\",\"url\":\"https:\/\/rinimedtech.com\/es\/\",\"logo\":{\"@type\":\"ImageObject\",\"inLanguage\":\"es\",\"@id\":\"https:\/\/rinimedtech.com\/es\/#\/schema\/logo\/image\/\",\"url\":\"https:\/\/rinimedtech.com\/wp-content\/uploads\/2024\/11\/RINI-LOGO-US-v3-outline-2021-color.jpg\",\"contentUrl\":\"https:\/\/rinimedtech.com\/wp-content\/uploads\/2024\/11\/RINI-LOGO-US-v3-outline-2021-color.jpg\",\"width\":2280,\"height\":2280,\"caption\":\"Rini MedTech Inc\"},\"image\":{\"@id\":\"https:\/\/rinimedtech.com\/es\/#\/schema\/logo\/image\/\"},\"sameAs\":[\"https:\/\/www.instagram.com\/riniergoteknik\",\"https:\/\/www.youtube.com\/channel\/UC_BjqYAoFg9a4hBFwZ8f7WQ\"]}]}<\/script>\n<!-- \/ Yoast SEO plugin. -->","yoast_head_json":{"title":"Read about us on Rini Ergoteknik - Rini Ergoteknik AB","description":"Rini is a Swedish company founded in 1983 with its own innovative product development, manufacturing and international sales.","robots":{"index":"index","follow":"follow","max-snippet":"max-snippet:-1","max-image-preview":"max-image-preview:large","max-video-preview":"max-video-preview:-1"},"canonical":"https:\/\/rinimedtech.com\/es\/about\/","og_locale":"es_ES","og_type":"article","og_title":"Read about us on Rini Ergoteknik - Rini Ergoteknik AB","og_description":"Rini is a Swedish company founded in 1983 with its own innovative product development, manufacturing and international sales.","og_url":"https:\/\/rinimedtech.com\/es\/about\/","og_site_name":"Rini Ergoteknik AB","article_modified_time":"2023-07-13T13:52:49+00:00","twitter_card":"summary_large_image","twitter_misc":{"Tiempo de lectura":"1 minuto"},"schema":{"@context":"https:\/\/schema.org","@graph":[{"@type":"WebPage","@id":"https:\/\/rinimedtech.com\/es\/about\/","url":"https:\/\/rinimedtech.com\/es\/about\/","name":"Read about us on Rini Ergoteknik - Rini Ergoteknik AB","isPartOf":{"@id":"https:\/\/rinimedtech.com\/es\/#website"},"datePublished":"2019-12-02T07:06:52+00:00","dateModified":"2023-07-13T13:52:49+00:00","description":"Rini is a Swedish company founded in 1983 with its own innovative product development, manufacturing and international sales.","breadcrumb":{"@id":"https:\/\/rinimedtech.com\/es\/about\/#breadcrumb"},"inLanguage":"es","potentialAction":[{"@type":"ReadAction","target":["https:\/\/rinimedtech.com\/es\/about\/"]}]},{"@type":"BreadcrumbList","@id":"https:\/\/rinimedtech.com\/es\/about\/#breadcrumb","itemListElement":[{"@type":"ListItem","position":1,"name":"Inicio","item":"https:\/\/rinimedtech.com\/es\/"},{"@type":"ListItem","position":2,"name":"Quienes somos"}]},{"@type":"WebSite","@id":"https:\/\/rinimedtech.com\/es\/#website","url":"https:\/\/rinimedtech.com\/es\/","name":"Rini Ergoteknik AB","description":"","publisher":{"@id":"https:\/\/rinimedtech.com\/es\/#organization"},"potentialAction":[{"@type":"SearchAction","target":{"@type":"EntryPoint","urlTemplate":"https:\/\/rinimedtech.com\/es\/?s={search_term_string}"},"query-input":{"@type":"PropertyValueSpecification","valueRequired":true,"valueName":"search_term_string"}}],"inLanguage":"es"},{"@type":"Organization","@id":"https:\/\/rinimedtech.com\/es\/#organization","name":"Rini MedTech Inc","alternateName":"Rini MedTech","url":"https:\/\/rinimedtech.com\/es\/","logo":{"@type":"ImageObject","inLanguage":"es","@id":"https:\/\/rinimedtech.com\/es\/#\/schema\/logo\/image\/","url":"https:\/\/rinimedtech.com\/wp-content\/uploads\/2024\/11\/RINI-LOGO-US-v3-outline-2021-color.jpg","contentUrl":"https:\/\/rinimedtech.com\/wp-content\/uploads\/2024\/11\/RINI-LOGO-US-v3-outline-2021-color.jpg","width":2280,"height":2280,"caption":"Rini MedTech Inc"},"image":{"@id":"https:\/\/rinimedtech.com\/es\/#\/schema\/logo\/image\/"},"sameAs":["https:\/\/www.instagram.com\/riniergoteknik","https:\/\/www.youtube.com\/channel\/UC_BjqYAoFg9a4hBFwZ8f7WQ"]}]}},"_links":{"self":[{"href":"https:\/\/rinimedtech.com\/es\/wp-json\/wp\/v2\/pages\/2983","targetHints":{"allow":["GET"]}}],"collection":[{"href":"https:\/\/rinimedtech.com\/es\/wp-json\/wp\/v2\/pages"}],"about":[{"href":"https:\/\/rinimedtech.com\/es\/wp-json\/wp\/v2\/types\/page"}],"author":[{"embeddable":true,"href":"https:\/\/rinimedtech.com\/es\/wp-json\/wp\/v2\/users\/5"}],"replies":[{"embeddable":true,"href":"https:\/\/rinimedtech.com\/es\/wp-json\/wp\/v2\/comments?post=2983"}],"version-history":[{"count":3,"href":"https:\/\/rinimedtech.com\/es\/wp-json\/wp\/v2\/pages\/2983\/revisions"}],"predecessor-version":[{"id":6107,"href":"https:\/\/rinimedtech.com\/es\/wp-json\/wp\/v2\/pages\/2983\/revisions\/6107"}],"wp:attachment":[{"href":"https:\/\/rinimedtech.com\/es\/wp-json\/wp\/v2\/media?parent=2983"}],"curies":[{"name":"wp","href":"https:\/\/api.w.org\/{rel}","templated":true}]}}